{"id":69,"date":"2024-08-21T19:20:25","date_gmt":"2024-08-21T19:20:25","guid":{"rendered":"https:\/\/peguymobile.en.gp\/?post_type=product&#038;p=69"},"modified":"2024-08-21T19:26:46","modified_gmt":"2024-08-21T19:26:46","slug":"forfait-voip-starter","status":"publish","type":"product","link":"https:\/\/peguymobile.en.gp\/index.php\/produit\/forfait-voip-starter\/","title":{"rendered":"Forfait VOIP Starter"},"content":{"rendered":"<p>Sans Engagement<br \/>\nRedirection d&rsquo;appels<br \/>\nAppels vers les fixes en France illimit\u00e9<br \/>\nAppels vers 40 destinations fixes illimit\u00e9<\/p>\n","protected":false},"excerpt":{"rendered":"<p>Forfait utilis\u00e9 pour \u00eatre connect\u00e9 a un softphone comme 3CX ou autre, en cas de question merci de demander !<\/p>\n","protected":false},"featured_media":11,"comment_status":"open","ping_status":"closed","template":"","meta":{"_monsterinsights_skip_tracking":false,"_monsterinsights_sitenote_active":false,"_monsterinsights_sitenote_note":"","_monsterinsights_sitenote_category":0},"product_cat":[19],"product_tag":[],"class_list":{"0":"post-69","1":"product","2":"type-product","3":"status-publish","4":"has-post-thumbnail","6":"product_cat-voip","8":"first","9":"instock","10":"virtual","11":"purchasable","12":"product-type-simple"},"aioseo_notices":[],"jetpack_sharing_enabled":true,"_links":{"self":[{"href":"https:\/\/peguymobile.en.gp\/index.php\/wp-json\/wp\/v2\/product\/69","targetHints":{"allow":["GET"]}}],"collection":[{"href":"https:\/\/peguymobile.en.gp\/index.php\/wp-json\/wp\/v2\/product"}],"about":[{"href":"https:\/\/peguymobile.en.gp\/index.php\/wp-json\/wp\/v2\/types\/product"}],"replies":[{"embeddable":true,"href":"https:\/\/peguymobile.en.gp\/index.php\/wp-json\/wp\/v2\/comments?post=69"}],"wp:featuredmedia":[{"embeddable":true,"href":"https:\/\/peguymobile.en.gp\/index.php\/wp-json\/wp\/v2\/media\/11"}],"wp:attachment":[{"href":"https:\/\/peguymobile.en.gp\/index.php\/wp-json\/wp\/v2\/media?parent=69"}],"wp:term":[{"taxonomy":"product_cat","embeddable":true,"href":"https:\/\/peguymobile.en.gp\/index.php\/wp-json\/wp\/v2\/product_cat?post=69"},{"taxonomy":"product_tag","embeddable":true,"href":"https:\/\/peguymobile.en.gp\/index.php\/wp-json\/wp\/v2\/product_tag?post=69"}],"curies":[{"name":"wp","href":"https:\/\/api.w.org\/{rel}","templated":true}]}}